{"id":263,"date":"2023-01-22T11:58:23","date_gmt":"2023-01-22T08:58:23","guid":{"rendered":"https:\/\/mmsimportexport.com\/?page_id=263"},"modified":"2023-04-15T11:25:28","modified_gmt":"2023-04-15T08:25:28","slug":"about-us","status":"publish","type":"page","link":"https:\/\/mmsimportexport.com\/tr\/about-us\/","title":{"rendered":"Hakk\u0131m\u0131zda"},"content":{"rendered":"<p>[vc_row][vc_column width=&#8221;7\/12&#8243;][vc_custom_heading text=&#8221;Biz Kimiz?&#8221; use_theme_fonts=&#8221;yes&#8221;][vc_column_text]<b>MMS, 2020 y\u0131l\u0131nda T\u00fcrkiye&#8217;den, yabanc\u0131 firmalar\u0131n ihtiya\u00e7 duydu\u011fu \u00fcr\u00fcnleri temin etmek amac\u0131yla kurulmu\u015ftur. Kurucular\u0131m\u0131z, MMS \u00f6ncesinde 20 y\u0131l\u0131 a\u015fk\u0131n s\u00fcredir uluslararas\u0131 limanlarda lojistik, g\u00fcmr\u00fckleme, depolama ve y\u00fck sabitleme gibi hizmetleri yabanc\u0131 firmalara sunmaktayd\u0131. M\u00fc\u015fterilerimiz, \u00fcr\u00fcn tedari\u011fi konusunda da bizimle \u00e7al\u0131\u015fmak istediklerini belirtti ve bu talepler do\u011frultusunda MMS&#8217;i kurduk. Bug\u00fcn, m\u00fc\u015fterilerimize lojistik, g\u00fcmr\u00fckleme, depolama gibi hizmetlerimizin yanisira T\u00fcrkiye&#8217;deki \u00fcreticilerden en kaliteli \u00fcr\u00fcnleri en uygun fiyatlara temin etme konusunda uzmanla\u015fm\u0131\u015f bir hizmet sunuyoruz.<\/b><\/p>\n<p><b>MMS \u015fu anda \u0130ngiltere, T\u00fcrkmenistan, Birle\u015fik Arap Emirlikleri ve Amerika Birle\u015fik Devletleri&#8217;ne \u00fcr\u00fcn ve hammadde tedarik etmektedir. Ba\u015fl\u0131ca ihra\u00e7 malzemelerimiz aras\u0131nda hammaddeler, in\u015faat malzemeleri, \u00e7at\u0131 ve d\u00f6\u015feme malzemeleri, ev dekorasyonu, ofis malzemeleri, temizlik ihtiya\u00e7lar\u0131, ambalaj, ofset m\u00fcrekkepleri, etiketler, t\u0131bbi malzemeler (ekipman ve t\u0131bbi yard\u0131m bantlar\u0131 dahil), tekstil, demir ve \u00e7elik ve yiyecek bulunmaktad\u0131r.<\/b><\/p>\n<p><b>MMS ayr\u0131ca konteyner y\u00fckleme ve bo\u015faltma, depo depolama, paketleme, etiketleme, konteyner lashing, yat lashing ve dan\u0131\u015fmanl\u0131k hizmetleri de sunmaktad\u0131r. M\u00fc\u015fterilerimiz, ihtiya\u00e7 duyduklar\u0131 \u00fcr\u00fcn ve hizmetler i\u00e7in bizimle ileti\u015fime ge\u00e7ebilirler.<\/b><\/p>\n<p>&nbsp;<\/p>\n<p><strong>MMS Import Export<\/strong><\/p>\n<p><b>T\u00dcRK\u0130YE OFISI<\/b><\/p>\n<p><b>719 St. Diliskelesi Neighborhood, No 80, 1st Floor<\/b><\/p>\n<p><b>Dilovasi, Kocaeli<\/b><\/p>\n<p><a href=\"http:\/\/www.mmsimportexport.com\"><b>www.mmsimportexport.com<\/b><\/a><\/p>\n<p><a href=\"mailto:info@mmsimportexport.com\"><b>info@mmsimportexport.com<\/b><\/a><\/p>\n<p>&nbsp;<\/p>\n<p><b>AMERIKA OFISI<\/b><\/p>\n<p><b>211 E St.\u00a0 Portage, Wisconsin<\/b><\/p>\n<p><a href=\"http:\/\/www.mmsimportexport.com\"><b>www.mmsimportexport.com<\/b><\/a><\/p>\n<p><a href=\"mailto:contact@mmsimportexport.com\"><b> contact@mmsimportexport.com<\/b><\/a>[\/vc_column_text][\/vc_column][vc_column width=&#8221;5\/12&#8243;][vc_single_image image=&#8221;656&#8243; img_size=&#8221;full&#8221;][\/vc_column][\/vc_row]<\/p>\n","protected":false},"excerpt":{"rendered":"<p>[vc_row][vc_column width=&#8221;7\/12&#8243;][vc_custom_heading text=&#8221;Biz Kimiz?&#8221; use_theme_fonts=&#8221;yes&#8221;][vc_column_text]MMS, 2020 y\u0131l\u0131nda T\u00fcrkiye&#8217;den, yabanc\u0131 firmalar\u0131n ihtiya\u00e7 duydu\u011fu \u00fcr\u00fcnleri temin etmek amac\u0131yla kurulmu\u015ftur. Kurucular\u0131m\u0131z, MMS \u00f6ncesinde 20 y\u0131l\u0131 a\u015fk\u0131n s\u00fcredir uluslararas\u0131 limanlarda lojistik, g\u00fcmr\u00fckleme, depolama ve y\u00fck sabitleme gibi hizmetleri yabanc\u0131 firmalara sunmaktayd\u0131. M\u00fc\u015fterilerimiz, \u00fcr\u00fcn tedari\u011fi konusunda da bizimle \u00e7al\u0131\u015fmak istediklerini belirtti ve bu talepler do\u011frultusunda MMS&#8217;i kurduk. Bug\u00fcn, m\u00fc\u015fterilerimize lojistik, [&hellip;]<\/p>\n","protected":false},"author":1,"featured_media":0,"parent":0,"menu_order":0,"comment_status":"closed","ping_status":"closed","template":"","meta":{"footnotes":""},"class_list":["post-263","page","type-page","status-publish","hentry"],"translation":{"provider":"WPGlobus","version":"2.10.10","language":"tr","enabled_languages":["en","tr"],"languages":{"en":{"title":true,"content":true,"excerpt":false},"tr":{"title":true,"content":true,"excerpt":false}}},"_links":{"self":[{"href":"https:\/\/mmsimportexport.com\/tr\/wp-json\/wp\/v2\/pages\/263","targetHints":{"allow":["GET"]}}],"collection":[{"href":"https:\/\/mmsimportexport.com\/tr\/wp-json\/wp\/v2\/pages"}],"about":[{"href":"https:\/\/mmsimportexport.com\/tr\/wp-json\/wp\/v2\/types\/page"}],"author":[{"embeddable":true,"href":"https:\/\/mmsimportexport.com\/tr\/wp-json\/wp\/v2\/users\/1"}],"replies":[{"embeddable":true,"href":"https:\/\/mmsimportexport.com\/tr\/wp-json\/wp\/v2\/comments?post=263"}],"version-history":[{"count":113,"href":"https:\/\/mmsimportexport.com\/tr\/wp-json\/wp\/v2\/pages\/263\/revisions"}],"predecessor-version":[{"id":912,"href":"https:\/\/mmsimportexport.com\/tr\/wp-json\/wp\/v2\/pages\/263\/revisions\/912"}],"wp:attachment":[{"href":"https:\/\/mmsimportexport.com\/tr\/wp-json\/wp\/v2\/media?parent=263"}],"curies":[{"name":"wp","href":"https:\/\/api.w.org\/{rel}","templated":true}]}}